{"id":974,"date":"2016-11-11T21:32:41","date_gmt":"2016-11-11T19:32:41","guid":{"rendered":"http:\/\/collectif-oxygene.fr\/?page_id=974"},"modified":"2017-11-24T22:55:27","modified_gmt":"2017-11-24T20:55:27","slug":"des-terres-pas-dhypers-collectif","status":"publish","type":"page","link":"https:\/\/collectif-oxygene.fr\/?page_id=974","title":{"rendered":"La f\u00e9d\u00e9ration \u00ab\u00a0Des Terres, pas d&rsquo;Hypers !\u00a0\u00bb"},"content":{"rendered":"<p>&nbsp;<\/p>\n<p style=\"text-align: center;\">Signez la p\u00e9tition<\/p>\n<p style=\"text-align: center;\">\u00ab\u00a0<strong><a href=\"https:\/\/www.change.org\/p\/f%C3%A9d%C3%A9ration-des-terres-pas-d-hypers-sauvons-nos-villes-et-nos-terres\" target=\"_blank\" rel=\"noopener noreferrer\">SAUVONS NOS VILLES ET NOS TERRES<br \/>\nD\u00c9FENDONS UN COMMERCE FAVORABLE \u00c0 LA QUALIT\u00c9 DE VIE ET \u00c0 L\u2019ENVIRONNEMENT<\/a><\/strong>\u00ab\u00a0<\/p>\n<p style=\"text-align: center;\"><a href=\"https:\/\/www.youtube.com\/channel\/UCWBJajv5XGRLBZwSvwGoJ1w\/videos?sort=dd&amp;shelf_id=0&amp;view=0\" target=\"_blank\" rel=\"noopener noreferrer\">Voir la cha\u00eene YouTube<\/a><\/p>\n<ul>\n<li><a href=\"http:\/\/desterrespasdhypers.fr\/index.php\/actualites\/\" target=\"_blank\" rel=\"noopener noreferrer\">Le site de la f\u00e9d\u00e9ration \u00ab\u00a0Des Terres Pas d&rsquo;Hypers !\u00a0\u00bb<\/a><\/li>\n<li><a href=\"http:\/\/collectif-oxygene.fr\/?page_id=990\" target=\"_blank\" rel=\"noopener noreferrer\">Le manifeste du collectif (appel du 11 juin 2016)<\/a><\/li>\n<li><a href=\"http:\/\/collectif-oxygene.fr\/?page_id=994\" target=\"_blank\" rel=\"noopener noreferrer\">Les associations et collectifs membres<\/a><\/li>\n<li><a href=\"http:\/\/desterrespasdhypers.fr\/index.php\/ils-resistent\/les-situer-sur-une-carte\/\" target=\"_blank\" rel=\"noopener noreferrer\">La carte interactive \u00ab\u00a0o\u00f9 sont les collectifs\u00a0\u00bb ?<\/a><\/li>\n<li><a href=\"http:\/\/collectif-oxygene.fr\/?p=998\" target=\"_blank\" rel=\"noopener noreferrer\">Les manifestations du 11 juin<\/a><\/li>\n<li><a href=\"http:\/\/collectif-oxygene.fr\/wp-content\/uploads\/2016\/11\/PRESSE-15-9-2016.pdf\" target=\"_blank\" rel=\"noopener noreferrer\">Le communiqu\u00e9 de presse de septembre 2016<\/a><\/li>\n<\/ul>\n<p><a href=\"http:\/\/surprise.ly\/v\/?1DSDimYhE1k:24:84:0:100\" target=\"_blank\" rel=\"noopener noreferrer\">Concurrence d\u00e9loyale (extrait)<\/a><\/p>\n<p><a id=\"france_culture_24_11_2017\"><\/a>France Culture \u00ab\u00a0Le Magazine de la R\u00e9daction\u00a0\u00bb 24 novembre 2017<br \/>\n<iframe src=\"https:\/\/www.franceculture.fr\/player\/export-reecouter?content=0f2457b1-9a55-4645-b76f-14db83988d55\" width=\"481\" height=\"137\" frameborder=\"0\" scrolling=\"no\"><\/iframe><\/p>\n<p><span class=\"copycode\">\u00a0<\/span><\/p>\n","protected":false},"excerpt":{"rendered":"<p>&nbsp; Signez la p\u00e9tition \u00ab\u00a0SAUVONS NOS VILLES ET NOS TERRES D\u00c9FENDONS UN COMMERCE FAVORABLE \u00c0 LA QUALIT\u00c9 DE VIE ET \u00c0 L\u2019ENVIRONNEMENT\u00ab\u00a0 Voir la cha\u00eene YouTube Le site de la f\u00e9d\u00e9ration \u00ab\u00a0Des Terres Pas d&rsquo;Hypers !\u00a0\u00bb Le manifeste du collectif (appel du 11 juin 2016) Les associations et collectifs membres La carte interactive \u00ab\u00a0o\u00f9 sont [&hellip;]<\/p>\n","protected":false},"author":1,"featured_media":0,"parent":0,"menu_order":9,"comment_status":"closed","ping_status":"closed","template":"","meta":{"footnotes":""},"class_list":["post-974","page","type-page","status-publish","hentry"],"_links":{"self":[{"href":"https:\/\/collectif-oxygene.fr\/index.php?rest_route=\/wp\/v2\/pages\/974","targetHints":{"allow":["GET"]}}],"collection":[{"href":"https:\/\/collectif-oxygene.fr\/index.php?rest_route=\/wp\/v2\/pages"}],"about":[{"href":"https:\/\/collectif-oxygene.fr\/index.php?rest_route=\/wp\/v2\/types\/page"}],"author":[{"embeddable":true,"href":"https:\/\/collectif-oxygene.fr\/index.php?rest_route=\/wp\/v2\/users\/1"}],"replies":[{"embeddable":true,"href":"https:\/\/collectif-oxygene.fr\/index.php?rest_route=%2Fwp%2Fv2%2Fcomments&post=974"}],"version-history":[{"count":25,"href":"https:\/\/collectif-oxygene.fr\/index.php?rest_route=\/wp\/v2\/pages\/974\/revisions"}],"predecessor-version":[{"id":1417,"href":"https:\/\/collectif-oxygene.fr\/index.php?rest_route=\/wp\/v2\/pages\/974\/revisions\/1417"}],"wp:attachment":[{"href":"https:\/\/collectif-oxygene.fr\/index.php?rest_route=%2Fwp%2Fv2%2Fmedia&parent=974"}],"curies":[{"name":"wp","href":"https:\/\/api.w.org\/{rel}","templated":true}]}}