{"id":64,"date":"2015-01-13T19:51:11","date_gmt":"2015-01-13T18:51:11","guid":{"rendered":"http:\/\/collectif-oxygene.fr\/?page_id=64"},"modified":"2021-10-14T16:19:13","modified_gmt":"2021-10-14T14:19:13","slug":"le-projet-oxylane","status":"publish","type":"page","link":"https:\/\/collectif-oxygene.fr\/?page_id=64","title":{"rendered":"Le projet Oxylane &#8211; Dossier de presse"},"content":{"rendered":"<p>Pour une pr\u00e9sentation rapide du projet, des enjeux et du collectif Oxygene qui s&rsquo;y oppose, <a href=\"https:\/\/www.youtube.com\/watch?v=eplhF3D9X3o\">voir cette video<\/a> &#8211; r\u00e9alis\u00e9e par le collectif (mars 2015).<\/p>\n<p>Pour une information compl\u00e8te et \u00e0 jour, voir le <a href=\"https:\/\/collectif-oxygene.fr\/wp-content\/uploads\/2021\/10\/dossier_octobre_2021.pdf\" target=\"_blank\" rel=\"noopener noreferrer\"><strong>dossier de presse<\/strong> (mise \u00e0 jour : octobre 2021)<\/a><\/p>\n<p><span style=\"font-size: 12pt;\"><strong>O\u00f9 est-il ?<\/strong><\/span><\/p>\n<p><a href=\"http:\/\/collectif-oxygene.fr\/wp-content\/uploads\/2017\/09\/localisation.png\"><img decoding=\"async\" class=\"alignnone wp-image-1316\" src=\"http:\/\/collectif-oxygene.fr\/wp-content\/uploads\/2017\/09\/localisation-222x300.png\" alt=\"\" width=\"267\" height=\"361\" srcset=\"https:\/\/collectif-oxygene.fr\/wp-content\/uploads\/2017\/09\/localisation-222x300.png 222w, https:\/\/collectif-oxygene.fr\/wp-content\/uploads\/2017\/09\/localisation.png 603w\" sizes=\"(max-width: 267px) 100vw, 267px\" \/><\/a>\u00a0\u00a0\u00a0\u00a0\u00a0\u00a0 <a href=\"http:\/\/collectif-oxygene.fr\/wp-content\/uploads\/2017\/09\/implantation_rapprochee.png\"><img decoding=\"async\" class=\"alignnone size-medium wp-image-1315\" src=\"http:\/\/collectif-oxygene.fr\/wp-content\/uploads\/2017\/09\/implantation_rapprochee-300x153.png\" alt=\"\" width=\"300\" height=\"153\" srcset=\"https:\/\/collectif-oxygene.fr\/wp-content\/uploads\/2017\/09\/implantation_rapprochee-300x153.png 300w, https:\/\/collectif-oxygene.fr\/wp-content\/uploads\/2017\/09\/implantation_rapprochee-768x391.png 768w, https:\/\/collectif-oxygene.fr\/wp-content\/uploads\/2017\/09\/implantation_rapprochee-624x317.png 624w, https:\/\/collectif-oxygene.fr\/wp-content\/uploads\/2017\/09\/implantation_rapprochee.png 814w\" sizes=\"(max-width: 300px) 100vw, 300px\" \/>\u00a0\u00a0\u00a0<\/a><a href=\"http:\/\/collectif-oxygene.fr\/wp-content\/uploads\/2017\/09\/vlcsnap-2017-04-17-17h18m10s89.png\"><img decoding=\"async\" class=\" wp-image-1341 aligncenter\" src=\"http:\/\/collectif-oxygene.fr\/wp-content\/uploads\/2017\/09\/vlcsnap-2017-04-17-17h18m10s89-300x189.png\" alt=\"\" width=\"323\" height=\"203\" srcset=\"https:\/\/collectif-oxygene.fr\/wp-content\/uploads\/2017\/09\/vlcsnap-2017-04-17-17h18m10s89-300x189.png 300w, https:\/\/collectif-oxygene.fr\/wp-content\/uploads\/2017\/09\/vlcsnap-2017-04-17-17h18m10s89-768x483.png 768w, https:\/\/collectif-oxygene.fr\/wp-content\/uploads\/2017\/09\/vlcsnap-2017-04-17-17h18m10s89-1024x644.png 1024w, https:\/\/collectif-oxygene.fr\/wp-content\/uploads\/2017\/09\/vlcsnap-2017-04-17-17h18m10s89-624x393.png 624w, https:\/\/collectif-oxygene.fr\/wp-content\/uploads\/2017\/09\/vlcsnap-2017-04-17-17h18m10s89.png 1224w\" sizes=\"(max-width: 323px) 100vw, 323px\" \/><\/a><\/p>\n<p><span style=\"font-size: 12pt;\"><strong>Le plan de composition du projet<\/strong><\/span><\/p>\n<p><a href=\"http:\/\/collectif-oxygene.fr\/wp-content\/uploads\/2017\/09\/plan_directeur.png\"><img decoding=\"async\" class=\" wp-image-1314 aligncenter\" src=\"http:\/\/collectif-oxygene.fr\/wp-content\/uploads\/2017\/09\/plan_directeur-300x191.png\" alt=\"\" width=\"377\" height=\"240\" srcset=\"https:\/\/collectif-oxygene.fr\/wp-content\/uploads\/2017\/09\/plan_directeur-300x191.png 300w, https:\/\/collectif-oxygene.fr\/wp-content\/uploads\/2017\/09\/plan_directeur-768x489.png 768w, https:\/\/collectif-oxygene.fr\/wp-content\/uploads\/2017\/09\/plan_directeur-624x397.png 624w, https:\/\/collectif-oxygene.fr\/wp-content\/uploads\/2017\/09\/plan_directeur.png 807w\" sizes=\"(max-width: 377px) 100vw, 377px\" \/><\/a><\/p>\n<p>Le projet \u00ab\u00a0Oxylane\u00a0\u00bb a d&rsquo;abord \u00e9t\u00e9 pr\u00e9sent\u00e9 par ses promoteurs (D\u00e9cathlon et la mairie de Saint-Cl\u00e9ment-de-Rivi\u00e8re) comme une \u00ab\u00a0village\u00a0\u00bb d\u00e9di\u00e9 \u00e0 la \u00ab\u00a0sant\u00e9, loisir,sport et\u00a0 bien-\u00eatre\u00a0\u00bb sur un espace de 24 hectares, autour d&rsquo;un magasin DECATHLON, offrant au public un grand espace \u00ab\u00a0naturel\u00a0\u00bb de d\u00e9tente. Selon la pr\u00e9sentation qui en \u00e9tait faite dans Midi Libre en 2012 : \u00ab\u00a0<em>L&rsquo;aspect ludique occupe, lui, le plus vaste espace, la grande majorit\u00e9 des hectares de foncier qu&rsquo;exigent ces projets. On y trouve des terrains de sport en libre acc\u00e8s, beach-volley, badminton, piste de roller ou aires multijeux, parcours de cross, m\u00eame un bassin de p\u00eache \u00e0 la mouche, \u00e0 Mulhouse. L\u00e0 encore, l&rsquo;offre varie d&rsquo;un village \u00e0 l&rsquo;autre, qu&rsquo;accompagne la possibilit\u00e9 de tests et le\u00e7ons encadr\u00e9s par des clubs et des moniteurs dipl\u00f4m\u00e9s.<\/em>\u00a0\u00bb<\/p>\n<p>La r\u00e9alit\u00e9 est bien diff\u00e9rente puisque, d&rsquo;apr\u00e8s le dossier pr\u00e9sent\u00e9 par l&rsquo;am\u00e9nageur DECATHLON lors de l&rsquo;enqu\u00eate publique d\u2019octobre 2014, il s&rsquo;agit en fait d&rsquo;un \u00ab\u00a0lotissement multi-activit\u00e9s\u00a0\u00bb \u00e0 dominante commerciale : sur les 24ha de terrain (dont actuellement 20ha sont des terres cultiv\u00e9es et 4ha un espace bois\u00e9 class\u00e9) seront intall\u00e9es 4 grandes enseignes, avec leurs parkings (D\u00e9cathlon, Truffaut, O&rsquo;Terra et une enseigne \u00ab\u00a0culture-loisir\u00a0\u00bb non encore connue) plus\u00a0 une bonne dizaine de constructions pour la restauration, des activit\u00e9s en salle (centres de \u00ab\u00a0bien-\u00eatre\u00a0\u00bb, futsal, cabinets m\u00e9dicaux et para-m\u00e9dicaux et autres services), etc.<\/p>\n<p>Bref, entre les constructions, les parkings, les voiries de dessertes, les bassins de r\u00e9tention,<strong> il ne restera que 6 \u00e0 7ha d&rsquo;espaces \u00ab\u00a0libres\u00a0\u00bb<\/strong>, dont la moiti\u00e9 seront consacr\u00e9s \u00e0 des activit\u00e9s agricoles (tr\u00e8s bien, mais ce n&rsquo;est pas l\u00e0 qu&rsquo;on y fera du sport, de la promenade, de la d\u00e9tente, et ainsi de suite!). Seuls les 3,5ha de l&rsquo;espace bois\u00e9 class\u00e9 y seront consacr\u00e9s et resteront un espace naturel, et encore, puisqu&rsquo;il sera presqu&rsquo; enti\u00e8rement entour\u00e9 par les espaces am\u00e9nag\u00e9s (dont de nombreux parkings), sauf la partie agicole au sud, mais tr\u00e8s proche de la route \u00e0 4 voies Montpellier-Saint-Gely, et puisqu&rsquo;il doit servir \u00e0 installer un accrobranche &#8230; dont l&rsquo;acc\u00e8s ne sera sans doute pas libre et gratuit. <strong>C&rsquo;est donc bien peu<\/strong> (15% seulement de la superficie totale) par rapport \u00e0 ce qui \u00e9tait vant\u00e9 par DECATHLON.<\/p>\n<p>Donc, pour ce centre commercial<strong> dont l&rsquo;utilit\u00e9 est tr\u00e8s contestable<\/strong>, on va<strong> sacrifier<\/strong> 16 \u00e0 17 hectares de bonnes terres agricoles en zone p\u00e9ri-urbaine (nous sommes \u00e0 trois kilom\u00e8tres de Montpellier), <strong>attirer<\/strong> jusqu&rsquo;\u00e0 8500 v\u00e9hicules par jour, <strong>porter une atteinte<\/strong> irr\u00e9versible \u00e0 un paysage en harmonie totale avec son environnement (pr\u00e9sence des beaux b\u00e2timents du Mas des Fontanelles, du \u00ab\u00a0ch\u00e2teau\u00a0\u00bb Leenhardt, de la colline de Piedmarche, etc.),<strong> augmenter les risques<\/strong> d &lsquo;inondation mal compens\u00e9s par les 10 000m2 occup\u00e9s par 7 bassins de r\u00e9tention &#8211; qui n&rsquo;ajoutent aucune valeur esth\u00e9tique et ne sont pas d&rsquo;une fiabilit\u00e9 \u00e0 toute \u00e9preuve, de l&rsquo;avis m\u00eame des hydro-g\u00e9ologues -,\u00a0<strong> menacer les nappes phr\u00e9atiques<\/strong> proches d&rsquo;un important captage d&rsquo;eau potable pr\u00e9vu pour alimenter pr\u00e8s de 60% de la population de Saint-Cl\u00e9ment-de-Rivi\u00e8re, <strong>perturber gravement<\/strong> une bio-diversit\u00e9 comportant plusieurs esp\u00e8ces prot\u00e9g\u00e9es (chauve-souris, batraciens et autres amphibiens, reptiles, oiseaux tels que le Rollier, etc.), <strong>menacer l&rsquo;existence<\/strong> de plusieurs commerces d\u00e9j\u00e0 existants aux environs (donc d\u00e9truire des emplois), et ainsi de suite.<\/p>\n<p><span style=\"font-size: 12pt;\"><strong>Pour en savoir plus, voir aussi :<\/strong><\/span><\/p>\n<p><a href=\"http:\/\/collectif-oxygene.fr\/wp-content\/uploads\/2015\/01\/presentation_projet.pdf\">Un diaporama de pr\u00e9sentation.\u00a0<\/a>(d\u00e9cembre 2014)<\/p>\n<p><strong>Le dossier de presse :<a href=\"https:\/\/collectif-oxygene.fr\/wp-content\/uploads\/2021\/10\/dossier_octobre_2021.pdf\" target=\"_blank\" rel=\"noopener noreferrer\"> derni\u00e8re version<\/a>\u00a0\u00a0\u00a0 <\/strong>(octobre<span id=\"timestamp\"> 2021<\/span>)<\/p>\n<p><strong>Nos contributions \u00e0 l&rsquo;enqu\u00eate publique d&rsquo;octobre 2014<\/strong> sur le permis d&rsquo;am\u00e9nager :<\/p>\n<ul>\n<li><a href=\"http:\/\/sos.lez.free.fr\/oxylane\/contrib_ep_soslez.pdf\">Contribution de SOS Lez Environnement<\/a><\/li>\n<li><a href=\"http:\/\/www.vivons.montferrier.org\/category\/environnement-2\/oxylane\/\">Contribution de Vivons Montferrier<\/a><\/li>\n<li><a href=\"http:\/\/www.acnatlr.org\/oxylane-reponse-EP\">Contribution de l&rsquo;ACNAT-LR<\/a><\/li>\n<li><a href=\"http:\/\/christiandupraz.eelv.fr\/ma-contribution-a-lenquete-publique-sur-le-projet-oxylane\/\">Contribution de Christian Dupraz<\/a>, Conseiller G\u00e9n\u00e9ral du canton des Matelles (dont fait partie St-Cl\u00e9ment-de-Rivi\u00e8re)<\/li>\n<li><a href=\"\/\/http:\/\/collectif-oxygene.fr\/wp-content\/uploads\/2015\/01\/contrib_ep_cape.pdf\">Contribution de LA CAPE Clapiers<\/a><\/li>\n<li><a href=\"http:\/\/collectif-oxygene.fr\/wp-content\/uploads\/2015\/01\/contrib_velocite_ep_oxylane.pdf\">Contribution de V\u00e9locit\u00e9-Languedoc<\/a><\/li>\n<\/ul>\n<p><strong>L&rsquo;\u00e9tude d&rsquo;impact du permis d&rsquo;am\u00e9nager :<\/strong> <a href=\"https:\/\/www.dropbox.com\/s\/ht1qlh4oeow46mq\/42-ETUDE%20IMPACT.pdf?dl=0\" target=\"_blank\" rel=\"noopener noreferrer\">version compl\u00e8te<\/a> (159Mo, 373 pages) , ou<a href=\"https:\/\/www.dropbox.com\/s\/ngrn19kvvsnlhlv\/43-ETUDE%20D%27IMPACT%20RESUME%20NON%20TECHNIQUE.pdf?dl=0\" target=\"_blank\" rel=\"noopener noreferrer\"> r\u00e9sum\u00e9 non technique<\/a> (15Mo, 36 pages)<\/p>\n","protected":false},"excerpt":{"rendered":"<p>Pour une pr\u00e9sentation rapide du projet, des enjeux et du collectif Oxygene qui s&rsquo;y oppose, voir cette video &#8211; r\u00e9alis\u00e9e par le collectif (mars 2015). Pour une information compl\u00e8te et \u00e0 jour, voir le dossier de presse (mise \u00e0 jour : octobre 2021) O\u00f9 est-il ? \u00a0\u00a0\u00a0\u00a0\u00a0\u00a0 \u00a0\u00a0\u00a0 Le plan de composition du projet Le [&hellip;]<\/p>\n","protected":false},"author":1,"featured_media":0,"parent":0,"menu_order":2,"comment_status":"open","ping_status":"open","template":"","meta":{"footnotes":""},"class_list":["post-64","page","type-page","status-publish","hentry"],"_links":{"self":[{"href":"https:\/\/collectif-oxygene.fr\/index.php?rest_route=\/wp\/v2\/pages\/64","targetHints":{"allow":["GET"]}}],"collection":[{"href":"https:\/\/collectif-oxygene.fr\/index.php?rest_route=\/wp\/v2\/pages"}],"about":[{"href":"https:\/\/collectif-oxygene.fr\/index.php?rest_route=\/wp\/v2\/types\/page"}],"author":[{"embeddable":true,"href":"https:\/\/collectif-oxygene.fr\/index.php?rest_route=\/wp\/v2\/users\/1"}],"replies":[{"embeddable":true,"href":"https:\/\/collectif-oxygene.fr\/index.php?rest_route=%2Fwp%2Fv2%2Fcomments&post=64"}],"version-history":[{"count":42,"href":"https:\/\/collectif-oxygene.fr\/index.php?rest_route=\/wp\/v2\/pages\/64\/revisions"}],"predecessor-version":[{"id":2803,"href":"https:\/\/collectif-oxygene.fr\/index.php?rest_route=\/wp\/v2\/pages\/64\/revisions\/2803"}],"wp:attachment":[{"href":"https:\/\/collectif-oxygene.fr\/index.php?rest_route=%2Fwp%2Fv2%2Fmedia&parent=64"}],"curies":[{"name":"wp","href":"https:\/\/api.w.org\/{rel}","templated":true}]}}