{"id":24,"date":"2015-01-11T22:58:08","date_gmt":"2015-01-11T22:58:08","guid":{"rendered":"http:\/\/collectif-oxygene.fr\/?page_id=24"},"modified":"2017-11-10T23:17:36","modified_gmt":"2017-11-10T21:17:36","slug":"souscription","status":"publish","type":"page","link":"https:\/\/collectif-oxygene.fr\/?page_id=24","title":{"rendered":"Souscription"},"content":{"rendered":"<p>Pour nous permettre de mener les recours administratifs et judiciaires contre ce projet, nous avons besoin de votre soutien financier, m\u00eame modeste.<\/p>\n<p><a href=\"http:\/\/www.helloasso.com\/associations\/sos-lez-environnement\/collectes\/non-oxylane-st-clement\"><img decoding=\"async\" class=\"alignnone size-full wp-image-58\" src=\"http:\/\/collectif-oxygene.fr\/wp-content\/uploads\/2015\/01\/bouton_don.jpg\" alt=\"bouton_don\" width=\"270\" height=\"70\" \/><\/a><\/p>\n<p class=\"western\"><b>Vos dons<\/b> peuvent s\u2019effectuer de deux mani\u00e8res\u00a0:<\/p>\n<ul>\n<li>\n<p class=\"western\"><b>Soit directement en ligne sur le site \u00ab\u00a0Hello Asso\u00a0\u00bb que nous avons s\u00e9lectionn\u00e9 pour son s\u00e9rieux et son exp\u00e9rience dans ce domaine (<\/b><span style=\"color: #000080;\"><span lang=\"zxx\"><span style=\"text-decoration: underline;\"><a class=\"western\" href=\"http:\/\/www.helloasso.com\/associations\/sos-lez-environnement\/collectes\/non-oxylane-st-clement\">lien ici<\/a><\/span><\/span><\/span><b>)<\/b><sup><b><a class=\"sdfootnoteanc\" href=\"#sdfootnote1sym\" name=\"sdfootnote1anc\"><sup>1<\/sup><\/a><\/b><\/sup><\/p>\n<\/li>\n<li>\n<p class=\"western\"><b>Soit directement par ch\u00e8que \u00e0 l\u2019ordre de \u00ab\u00a0SOS Lez Environnement\u00a0\u00bb<\/b>, en sp\u00e9cifiant qu\u2019il s\u2019agit d\u2019une somme destin\u00e9e \u00e0 ce recours.<br \/>\n<strong>Envoyer les ch\u00e8ques \u00e0 la tr\u00e9sori\u00e8re\u00a0:<\/strong><br \/>\n<strong> Fran\u00e7oise H\u00e9lary 1943 Boulevard de la Lironde 34980 Montferrier-sur-Lez.<\/strong><\/p>\n<\/li>\n<\/ul>\n<p class=\"western\">Dans l\u2019un comme dans l\u2019autre cas, <b>vous recevrez un re\u00e7u fiscal <\/b>vous permettant une d\u00e9duction de vos imp\u00f4ts \u00e9gale \u00e0 66% de la somme vers\u00e9e.<\/p>\n<p class=\"western\"><b>Votre aide est vitale pour faire aboutir cette d\u00e9marche<\/b>, elle nous permettra de d\u00e9fendre le droit au maintien de ce terrain en zone agricole en utilisant tous les moyens que la loi met \u00e0 notre disposition pour mettre un terme \u00e0 ce projet d\u00e9vastateur. <a href=\"http:\/\/collectif-oxygene.fr\/?page_id=1318\" target=\"_blank\" rel=\"noopener\">Voir ici le point sur les recours<\/a>.<\/p>\n<div id=\"sdfootnote1\">\n<p class=\"sdfootnote-western\"><a class=\"sdfootnotesym\" href=\"#sdfootnote1anc\" name=\"sdfootnote1sym\">1<\/a>http:\/\/www.helloasso.com\/associations\/sos-lez-environnement\/collectes\/non-oxylane-st-clement<\/p>\n<\/div>\n<p>Merci de votre soutien.<\/p>\n","protected":false},"excerpt":{"rendered":"<p>Pour nous permettre de mener les recours administratifs et judiciaires contre ce projet, nous avons besoin de votre soutien financier, m\u00eame modeste. Vos dons peuvent s\u2019effectuer de deux mani\u00e8res\u00a0: Soit directement en ligne sur le site \u00ab\u00a0Hello Asso\u00a0\u00bb que nous avons s\u00e9lectionn\u00e9 pour son s\u00e9rieux et son exp\u00e9rience dans ce domaine (lien ici)1 Soit directement [&hellip;]<\/p>\n","protected":false},"author":1,"featured_media":0,"parent":0,"menu_order":8,"comment_status":"open","ping_status":"open","template":"","meta":{"footnotes":""},"class_list":["post-24","page","type-page","status-publish","hentry"],"_links":{"self":[{"href":"https:\/\/collectif-oxygene.fr\/index.php?rest_route=\/wp\/v2\/pages\/24","targetHints":{"allow":["GET"]}}],"collection":[{"href":"https:\/\/collectif-oxygene.fr\/index.php?rest_route=\/wp\/v2\/pages"}],"about":[{"href":"https:\/\/collectif-oxygene.fr\/index.php?rest_route=\/wp\/v2\/types\/page"}],"author":[{"embeddable":true,"href":"https:\/\/collectif-oxygene.fr\/index.php?rest_route=\/wp\/v2\/users\/1"}],"replies":[{"embeddable":true,"href":"https:\/\/collectif-oxygene.fr\/index.php?rest_route=%2Fwp%2Fv2%2Fcomments&post=24"}],"version-history":[{"count":6,"href":"https:\/\/collectif-oxygene.fr\/index.php?rest_route=\/wp\/v2\/pages\/24\/revisions"}],"predecessor-version":[{"id":1395,"href":"https:\/\/collectif-oxygene.fr\/index.php?rest_route=\/wp\/v2\/pages\/24\/revisions\/1395"}],"wp:attachment":[{"href":"https:\/\/collectif-oxygene.fr\/index.php?rest_route=%2Fwp%2Fv2%2Fmedia&parent=24"}],"curies":[{"name":"wp","href":"https:\/\/api.w.org\/{rel}","templated":true}]}}