{"id":20,"date":"2015-01-11T22:55:25","date_gmt":"2015-01-11T22:55:25","guid":{"rendered":"http:\/\/collectif-oxygene.fr\/?page_id=20"},"modified":"2021-10-04T21:11:16","modified_gmt":"2021-10-04T19:11:16","slug":"page-de-liens","status":"publish","type":"page","link":"https:\/\/collectif-oxygene.fr\/?page_id=20","title":{"rendered":"page de liens"},"content":{"rendered":"<p><strong>Les associations du collectif :<\/strong><\/p>\n<ul>\n<li><a href=\"http:\/\/www.acnatlr.org\" target=\"_blank\" rel=\"noopener noreferrer\">ACNAT \/ Action Nature et Territoire en Languedoc Roussillon<\/a><\/li>\n<li><a href=\"http:\/\/www.assopic.com\/\" target=\"_blank\" rel=\"noopener noreferrer\">ASSOPIC (CCGPSL)<\/a><\/li>\n<li><a href=\"http:\/\/castelnauenvironnement.midiblogs.com\/\" target=\"_blank\" rel=\"noopener noreferrer\">Castelnau Environnement<\/a><\/li>\n<li><a href=\"http:\/\/kac40.info\/eausecoursgrandpic\" target=\"_blank\" rel=\"noopener noreferrer\">Eau Secours Grand Pic Saint-Loup<\/a><\/li>\n<li><a href=\"https:\/\/fr-fr.facebook.com\/Pradeslelez\" target=\"_blank\" rel=\"noopener noreferrer\">Une \u00c9nergie Nouvelle (Prades-le-Lez)<\/a><\/li>\n<li><a href=\"http:\/\/lacapedeclapiers.blogspot.fr\/2012\/12\/clapiers-tes-cape.html\" target=\"_blank\" rel=\"noopener noreferrer\">La CAPE (Clapiers)<\/a><\/li>\n<li><a href=\"http:\/\/pradesenvironnement.jimdo.com\/\" target=\"_blank\" rel=\"noopener noreferrer\">Prades Le Lez Environnement<\/a><\/li>\n<li><a href=\"http:\/\/www.st-jean-environnement.fr\/\" target=\"_blank\" rel=\"noopener noreferrer\">Saint Jean (de Vedas) Environnement<\/a><\/li>\n<li><a href=\"http:\/\/sos.lez.free.fr\" target=\"_blank\" rel=\"noopener noreferrer\">SOS Lez Environnement<\/a><\/li>\n<li><a href=\"http:\/\/www.vivons.montferrier.org\/\" target=\"_blank\" rel=\"noopener noreferrer\">Vivons Montferrier<\/a><\/li>\n<li><a href=\"http:\/\/agauchetoute-stgely.fr\/\" target=\"_blank\" rel=\"noopener noreferrer\">A gauche toute \u00e0 Saint-Gely<\/a><\/li>\n<li><a href=\"http:\/\/www.natureetprogres34.org\/\" target=\"_blank\" rel=\"noopener noreferrer\">Nature et Progr\u00e8s 34<\/a><\/li>\n<li><a href=\"http:\/\/paysagesdefrance.org\/\" target=\"_blank\" rel=\"noopener noreferrer\">Paysages de France<\/a><\/li>\n<li><a href=\"https:\/\/www.lez-vivant.org\" target=\"_blank\" rel=\"noopener noreferrer\">Lez Vivant<\/a><\/li>\n<\/ul>\n<p><strong>D&rsquo;autres luttes :<\/strong><\/p>\n<ul>\n<li><a href=\"http:\/\/desterrespasdhypers.fr\/index.php\/actualites\/\" target=\"_blank\" rel=\"noopener\">Des Terres pas d&rsquo;Hypers<\/a><\/li>\n<li><a href=\"https:\/\/ccvm.jimdosite.com\/\" target=\"_blank\" rel=\"noopener noreferrer\">Collectif Ceinture verte<\/a><\/li>\n<li><a href=\"http:\/\/garetgv.free.fr\/\" target=\"_blank\" rel=\"noopener noreferrer\">Collectif contre la gare de la Mog\u00e8re<\/a><\/li>\n<li><a href=\"http:\/\/splf45.blogspot.fr\/\" target=\"_blank\" rel=\"noopener noreferrer\">Collectif pour un site pr\u00e9serv\u00e9 entre Loire et for\u00eat (SPLF 45)<\/a><\/li>\n<li><a href=\"https:\/\/ouiauxterresdegonesse.fr\/\" target=\"_blank\" rel=\"noopener noreferrer\">Oui aux Terres de Gonesse (Collectif pour le Triangle de Gonesse<\/a>)<\/li>\n<li><a href=\"https:\/\/www.sosoulala.org\/\" target=\"_blank\" rel=\"noopener\">Le collectif SOS Oulala<\/a><\/li>\n<\/ul>\n<p><strong>Des alternatives<\/strong><\/p>\n<ul>\n<li><a href=\"https:\/\/www.dropbox.com\/s\/rla6l6a8jod1g3b\/8-Projet%20agricole%20Oxyg%C3%A8ne.pdf?dl=0\" target=\"_blank\" rel=\"noopener noreferrer\">Notre projet agricole pour le domaine des Fontanelles<\/a><\/li>\n<li><a href=\"http:\/\/alternatiba.eu\/montpellier\/\" target=\"_blank\" rel=\"noopener noreferrer\">Alternatiba Montpellier<\/a><\/li>\n<li><a href=\"http:\/\/fne-languedoc-roussillon.fr\/\" target=\"_blank\" rel=\"noopener noreferrer\">France Nature Environnement Languedoc Roussillon <\/a><\/li>\n<li><a href=\"http:\/\/www.terredeliens.org\/\" target=\"_blank\" rel=\"noopener noreferrer\">Terre de liens<\/a><\/li>\n<li><a href=\"http:\/\/www.terracoopa.net\/le-domaine-de-viviers\/\" target=\"_blank\" rel=\"noopener noreferrer\">Terracopa au domaine de Viviers<\/a><\/li>\n<li><a href=\"http:\/\/www.reseau-amap.org\/amap-34.htm\" target=\"_blank\" rel=\"noopener noreferrer\">Les AMAP de l&rsquo;H\u00e9rault<\/a><\/li>\n<li><a href=\"http:\/\/restauration-bio-durable-mouans-sartoux.fr\/\" target=\"_blank\" rel=\"noopener noreferrer\">La r\u00e9gie agricole de Mouans Sartoux (Alpes Maritimes)<\/a><\/li>\n<\/ul>\n<p><strong>Un blog complet sur notre lutte (ACCAC : Association Causses-C\u00e9vennes d&rsquo;Action Citoyenne) : <\/strong><\/p>\n<ul>\n<li><a href=\"http:\/\/www.accac.eu\/L_environnement\/Oxygene-vs-Oxylane.htm\" target=\"_blank\" rel=\"noopener noreferrer\">http:\/\/www.accac.eu\/L_environnement\/Oxygene-vs-Oxylane.htm<\/a><\/li>\n<\/ul>\n","protected":false},"excerpt":{"rendered":"<p>Les associations du collectif : ACNAT \/ Action Nature et Territoire en Languedoc Roussillon ASSOPIC (CCGPSL) Castelnau Environnement Eau Secours Grand Pic Saint-Loup Une \u00c9nergie Nouvelle (Prades-le-Lez) La CAPE (Clapiers) Prades Le Lez Environnement Saint Jean (de Vedas) Environnement SOS Lez Environnement Vivons Montferrier A gauche toute \u00e0 Saint-Gely Nature et Progr\u00e8s 34 Paysages de [&hellip;]<\/p>\n","protected":false},"author":1,"featured_media":0,"parent":0,"menu_order":10,"comment_status":"open","ping_status":"open","template":"","meta":{"footnotes":""},"class_list":["post-20","page","type-page","status-publish","hentry"],"_links":{"self":[{"href":"https:\/\/collectif-oxygene.fr\/index.php?rest_route=\/wp\/v2\/pages\/20","targetHints":{"allow":["GET"]}}],"collection":[{"href":"https:\/\/collectif-oxygene.fr\/index.php?rest_route=\/wp\/v2\/pages"}],"about":[{"href":"https:\/\/collectif-oxygene.fr\/index.php?rest_route=\/wp\/v2\/types\/page"}],"author":[{"embeddable":true,"href":"https:\/\/collectif-oxygene.fr\/index.php?rest_route=\/wp\/v2\/users\/1"}],"replies":[{"embeddable":true,"href":"https:\/\/collectif-oxygene.fr\/index.php?rest_route=%2Fwp%2Fv2%2Fcomments&post=20"}],"version-history":[{"count":18,"href":"https:\/\/collectif-oxygene.fr\/index.php?rest_route=\/wp\/v2\/pages\/20\/revisions"}],"predecessor-version":[{"id":2799,"href":"https:\/\/collectif-oxygene.fr\/index.php?rest_route=\/wp\/v2\/pages\/20\/revisions\/2799"}],"wp:attachment":[{"href":"https:\/\/collectif-oxygene.fr\/index.php?rest_route=%2Fwp%2Fv2%2Fmedia&parent=20"}],"curies":[{"name":"wp","href":"https:\/\/api.w.org\/{rel}","templated":true}]}}