{"id":1326,"date":"2017-09-25T23:39:53","date_gmt":"2017-09-25T21:39:53","guid":{"rendered":"http:\/\/collectif-oxygene.fr\/?page_id=1326"},"modified":"2021-09-06T15:39:25","modified_gmt":"2021-09-06T13:39:25","slug":"comment-nous-aider","status":"publish","type":"page","link":"https:\/\/collectif-oxygene.fr\/?page_id=1326","title":{"rendered":"Comment nous aider ?"},"content":{"rendered":"<p>Si vous souhaitez aller plus loin qu\u2019une simple information sur le projet &#8211; en lisant r\u00e9guli\u00e8rement ce blog, par exemple &#8211; et ce afin de nous apporter votre aide, sachez que plusieurs modalit\u00e9s sont possibles ! Cela peut aller d&rsquo;un tout petit investissement, en temps ou en moyens financiers, jusqu\u2019\u00e0 une participation tr\u00e8s active aux activit\u00e9s et r\u00e9flexions du collectif.<\/p>\n<ul>\n<li>Signer la p\u00e9tition en ligne (ou papier si vous nous croisez \u00e0 l&rsquo;occasion de manifestations)<\/li>\n<li>Inciter d&rsquo;autres personnes \u00e0 signer la p\u00e9tition, la partager sur vos r\u00e9seaux sociaux<\/li>\n<li>Contribuer, \u00e0 la hauteur de vos moyens, \u00e0 la souscription pour rendre possible nos recours juridiques, ceux-ci sont essentiels pour bloquer le projet (et finalement aboutir \u00e0 son abandon)<\/li>\n<li>Nous contacter pour nous proposer une intervention ponctuelle \u00e0 l&rsquo;occasion d&rsquo;un \u00e9v\u00e9nement que vous organisez, ou une id\u00e9e d&rsquo;action &#8211; dans laquelle vous pourriez aussi vous engager (contact par le formulaire sur ce blog, ou directement par mail)<\/li>\n<li>Venir aux manifestations publiques que nous organisons<\/li>\n<li>Nous proposer une aide technique dans vos domaines de comp\u00e9tence : projets agricoles (agronomie), \u00e9conomie, urbanisme, juridique, communication, media,etc. Ce peut \u00eatre aussi des articles soumis \u00e0 publication dans ce blog<\/li>\n<li>Demander \u00e0 \u00eatre inform\u00e9s en amont des actions que nous pr\u00e9parons, afin de nous aider \u00e0 leur organisation ou leur promotion (r\u00e9daction, impression et distribution de tracts, contacts dans les media, r\u00e9alisation de panneaux, etc etc)<\/li>\n<li>Demander \u00e0 participer aux r\u00e9unions internes du collectif, ce qui suppose une certaine r\u00e9gularit\u00e9 dans l&rsquo;engagement (sans que ce soit une obligation absolue pour autant). Pas besoin pour cela d&rsquo;\u00eatre adh\u00e9rent \u00e0 l&rsquo;une des quinze assos constituant le collectif, mais s&rsquo;engager sur la <a href=\"http:\/\/collectif-oxygene.fr\/wp-content\/uploads\/2015\/02\/charte_collectif_oxygene.pdf\" target=\"_blank\" rel=\"noopener\">charte du collectif<\/a>, en termes d&rsquo;adh\u00e9sion aux valeurs que nous partageons au-del\u00e0 de toute appartenance politique, et en respectant la neutralit\u00e9 \u00ab\u00a0politicienne\u00a0\u00bb de celui-ci. On ne demande \u00e0 personne quels sont ses orientations politiques et encore moins ses engagements, mais on demande aussi de ne pas utiliser le collectif \u00e0 d&rsquo;autres fins (ce qui ne s&rsquo;est jamais produit jusque l\u00e0) car ce serait, \u00e0 terme, l&rsquo;\u00e9clatement de celui-ci. Actuellement nous sommes autour d&rsquo;une dizaine, en moyenne, \u00e0 venir \u00e0 ces r\u00e9unions internes, \u00e0 peu pr\u00e8s une fois par mois, souvent le mardi soir \u00e0 la salle du Dev\u00e9zou \u00e0 Montferrier.<\/li>\n<\/ul>\n","protected":false},"excerpt":{"rendered":"<p>Si vous souhaitez aller plus loin qu\u2019une simple information sur le projet &#8211; en lisant r\u00e9guli\u00e8rement ce blog, par exemple &#8211; et ce afin de nous apporter votre aide, sachez que plusieurs modalit\u00e9s sont possibles ! Cela peut aller d&rsquo;un tout petit investissement, en temps ou en moyens financiers, jusqu\u2019\u00e0 une participation tr\u00e8s active aux [&hellip;]<\/p>\n","protected":false},"author":1,"featured_media":0,"parent":0,"menu_order":0,"comment_status":"closed","ping_status":"closed","template":"","meta":{"footnotes":""},"class_list":["post-1326","page","type-page","status-publish","hentry"],"_links":{"self":[{"href":"https:\/\/collectif-oxygene.fr\/index.php?rest_route=\/wp\/v2\/pages\/1326","targetHints":{"allow":["GET"]}}],"collection":[{"href":"https:\/\/collectif-oxygene.fr\/index.php?rest_route=\/wp\/v2\/pages"}],"about":[{"href":"https:\/\/collectif-oxygene.fr\/index.php?rest_route=\/wp\/v2\/types\/page"}],"author":[{"embeddable":true,"href":"https:\/\/collectif-oxygene.fr\/index.php?rest_route=\/wp\/v2\/users\/1"}],"replies":[{"embeddable":true,"href":"https:\/\/collectif-oxygene.fr\/index.php?rest_route=%2Fwp%2Fv2%2Fcomments&post=1326"}],"version-history":[{"count":6,"href":"https:\/\/collectif-oxygene.fr\/index.php?rest_route=\/wp\/v2\/pages\/1326\/revisions"}],"predecessor-version":[{"id":2768,"href":"https:\/\/collectif-oxygene.fr\/index.php?rest_route=\/wp\/v2\/pages\/1326\/revisions\/2768"}],"wp:attachment":[{"href":"https:\/\/collectif-oxygene.fr\/index.php?rest_route=%2Fwp%2Fv2%2Fmedia&parent=1326"}],"curies":[{"name":"wp","href":"https:\/\/api.w.org\/{rel}","templated":true}]}}