{"id":1169,"date":"2017-05-13T21:06:02","date_gmt":"2017-05-13T19:06:02","guid":{"rendered":"http:\/\/collectif-oxygene.fr\/?page_id=1169"},"modified":"2017-05-13T23:14:40","modified_gmt":"2017-05-13T21:14:40","slug":"biodiversite","status":"publish","type":"page","link":"https:\/\/collectif-oxygene.fr\/?page_id=1169","title":{"rendered":"Biodiversit\u00e9"},"content":{"rendered":"<p>La biodiversit\u00e9 sur le site des Fontanelles (un poster r\u00e9alis\u00e9 par Pierre Ehret et Dominique Coutinot)\u00a0 sur la base des \u00e9tudes effectu\u00e9es par l&rsquo;association de naturalistes <a href=\"http:\/\/www.acnatlr.org\/\" target=\"_blank\" rel=\"noopener noreferrer\">ACNAT-LR<\/a>, membre du collectif Oxyg\u00e8ne :<\/p>\n<p><a href=\"http:\/\/collectif-oxygene.fr\/wp-content\/uploads\/2017\/05\/Poster_biodiversit\u00e9_all\u00e9g\u00e9.pdf\">http:\/\/collectif-oxygene.fr\/wp-content\/uploads\/2017\/05\/Poster_biodiversit\u00e9_all\u00e9g\u00e9.pdf<\/a><\/p>\n<p>Voir aussi le <a href=\"https:\/\/www.dropbox.com\/s\/sur85b5203cei3x\/Synthese_prospections.pdf?dl=0\" target=\"_blank\" rel=\"noopener noreferrer\">rapport d&rsquo;observations<\/a> r\u00e9alis\u00e9 par\u00a0 <a href=\"http:\/\/www.acnatlr.org\/\" target=\"_blank\" rel=\"noopener noreferrer\">ACNAT-LR<\/a><\/p>\n","protected":false},"excerpt":{"rendered":"<p>La biodiversit\u00e9 sur le site des Fontanelles (un poster r\u00e9alis\u00e9 par Pierre Ehret et Dominique Coutinot)\u00a0 sur la base des \u00e9tudes effectu\u00e9es par l&rsquo;association de naturalistes ACNAT-LR, membre du collectif Oxyg\u00e8ne : Voir aussi le rapport d&rsquo;observations r\u00e9alis\u00e9 par\u00a0 ACNAT-LR<\/p>\n","protected":false},"author":1,"featured_media":0,"parent":0,"menu_order":3,"comment_status":"closed","ping_status":"closed","template":"","meta":{"footnotes":""},"class_list":["post-1169","page","type-page","status-publish","hentry"],"_links":{"self":[{"href":"https:\/\/collectif-oxygene.fr\/index.php?rest_route=\/wp\/v2\/pages\/1169","targetHints":{"allow":["GET"]}}],"collection":[{"href":"https:\/\/collectif-oxygene.fr\/index.php?rest_route=\/wp\/v2\/pages"}],"about":[{"href":"https:\/\/collectif-oxygene.fr\/index.php?rest_route=\/wp\/v2\/types\/page"}],"author":[{"embeddable":true,"href":"https:\/\/collectif-oxygene.fr\/index.php?rest_route=\/wp\/v2\/users\/1"}],"replies":[{"embeddable":true,"href":"https:\/\/collectif-oxygene.fr\/index.php?rest_route=%2Fwp%2Fv2%2Fcomments&post=1169"}],"version-history":[{"count":5,"href":"https:\/\/collectif-oxygene.fr\/index.php?rest_route=\/wp\/v2\/pages\/1169\/revisions"}],"predecessor-version":[{"id":1175,"href":"https:\/\/collectif-oxygene.fr\/index.php?rest_route=\/wp\/v2\/pages\/1169\/revisions\/1175"}],"wp:attachment":[{"href":"https:\/\/collectif-oxygene.fr\/index.php?rest_route=%2Fwp%2Fv2%2Fmedia&parent=1169"}],"curies":[{"name":"wp","href":"https:\/\/api.w.org\/{rel}","templated":true}]}}